{"id":28,"date":"2011-02-16T20:08:35","date_gmt":"2011-02-16T20:08:35","guid":{"rendered":"http:\/\/www.divertimundo.es\/elcomeresunplacer\/?page_id=28"},"modified":"2019-05-04T20:09:26","modified_gmt":"2019-05-04T18:09:26","slug":"%c2%a1hola","status":"publish","type":"page","link":"http:\/\/www.divertimundo.es\/comeryleeresunplacer\/?page_id=28","title":{"rendered":"Saludo"},"content":{"rendered":"<p><strong>Sevilla 17 de\u00a0Febrero del 2011<\/strong><\/p>\n<p>\u00a1Hola! Espero que mediante este Blog poder compartir mi afici\u00f3n por las recetas y el buen comer, ya que hay mucha variedad de gustos en todo el mundo.<\/p>\n<p>To\u00f1y<\/p>\n<p><strong>Sevilla 04\u00a0de Mayo\u00a0del 2019<\/strong><\/p>\n<p><strong>He cerrado<\/strong> la tienda online <strong>Enderonline.es<\/strong>, los que quieran obtener alg\u00fan libro de los que nos quedan <strong>est\u00e1n de Liquidaci\u00f3n<\/strong> en la Casa del Libro.<\/p>\n<p>To\u00f1y<\/p>\n<p>&nbsp;<\/p>\n<p>&nbsp;<\/p>\n<p>&nbsp;<\/p>\n<p><!-- .entry-content --><\/p>\n","protected":false},"excerpt":{"rendered":"<p>Sevilla 17 de\u00a0Febrero del 2011 \u00a1Hola! Espero que mediante este Blog poder compartir mi afici\u00f3n por las recetas y el buen comer, ya que hay mucha variedad de gustos en todo el mundo. To\u00f1y Sevilla 04\u00a0de Mayo\u00a0del 2019 He cerrado &hellip; <a href=\"http:\/\/www.divertimundo.es\/comeryleeresunplacer\/?page_id=28\">Sigue leyendo <span class=\"meta-nav\">&rarr;<\/span><\/a><\/p>\n","protected":false},"author":1,"featured_media":0,"parent":0,"menu_order":1,"comment_status":"open","ping_status":"open","template":"","meta":[],"_links":{"self":[{"href":"http:\/\/www.divertimundo.es\/comeryleeresunplacer\/index.php?rest_route=\/wp\/v2\/pages\/28"}],"collection":[{"href":"http:\/\/www.divertimundo.es\/comeryleeresunplacer\/index.php?rest_route=\/wp\/v2\/pages"}],"about":[{"href":"http:\/\/www.divertimundo.es\/comeryleeresunplacer\/index.php?rest_route=\/wp\/v2\/types\/page"}],"author":[{"embeddable":true,"href":"http:\/\/www.divertimundo.es\/comeryleeresunplacer\/index.php?rest_route=\/wp\/v2\/users\/1"}],"replies":[{"embeddable":true,"href":"http:\/\/www.divertimundo.es\/comeryleeresunplacer\/index.php?rest_route=%2Fwp%2Fv2%2Fcomments&post=28"}],"version-history":[{"count":16,"href":"http:\/\/www.divertimundo.es\/comeryleeresunplacer\/index.php?rest_route=\/wp\/v2\/pages\/28\/revisions"}],"predecessor-version":[{"id":5819,"href":"http:\/\/www.divertimundo.es\/comeryleeresunplacer\/index.php?rest_route=\/wp\/v2\/pages\/28\/revisions\/5819"}],"wp:attachment":[{"href":"http:\/\/www.divertimundo.es\/comeryleeresunplacer\/index.php?rest_route=%2Fwp%2Fv2%2Fmedia&parent=28"}],"curies":[{"name":"wp","href":"https:\/\/api.w.org\/{rel}","templated":true}]}}