{"id":2,"date":"2012-01-19T15:51:46","date_gmt":"2012-01-19T15:51:46","guid":{"rendered":"http:\/\/www.divertimundo.es\/elrinconcito\/?page_id=2"},"modified":"2024-04-01T23:45:40","modified_gmt":"2024-04-01T21:45:40","slug":"sample-page","status":"publish","type":"page","link":"http:\/\/www.divertimundo.es\/elrinconcito\/sample-page\/","title":{"rendered":"Presentaci\u00f3n"},"content":{"rendered":"<div id=\"attachment_31\" style=\"width: 310px\" class=\"wp-caption alignleft\"><a href=\"http:\/\/www.divertimundo.es\/elrinconcito\/wp-content\/uploads\/2012\/01\/Presentacion.jpg\"><img aria-describedby=\"caption-attachment-31\" decoding=\"async\" loading=\"lazy\" class=\"wp-image-31 size-medium\" title=\"Presentacion\" src=\"http:\/\/www.divertimundo.es\/elrinconcito\/wp-content\/uploads\/2012\/01\/Presentacion-300x275.jpg\" alt=\"\" width=\"300\" height=\"275\" srcset=\"http:\/\/www.divertimundo.es\/elrinconcito\/wp-content\/uploads\/2012\/01\/Presentacion-300x275.jpg 300w, http:\/\/www.divertimundo.es\/elrinconcito\/wp-content\/uploads\/2012\/01\/Presentacion-327x300.jpg 327w, http:\/\/www.divertimundo.es\/elrinconcito\/wp-content\/uploads\/2012\/01\/Presentacion.jpg 520w\" sizes=\"(max-width: 300px) 100vw, 300px\" \/><\/a><p id=\"caption-attachment-31\" class=\"wp-caption-text\">Foto del 17 de Diciembre del 2011<\/p><\/div>\n<p>&nbsp;<\/p>\n<p><strong>Sevilla 22 de enero del 2012&nbsp;<\/strong><\/p>\n<p>&nbsp;<\/p>\n<p>Me llamo To\u00f1y y el 15 de enero cumpl\u00ed 53 a\u00f1os.<\/p>\n<p>&nbsp;<\/p>\n<p>Hoy hace 11 meses que empec\u00e9 con mi primer blog,&nbsp; <a href=\"http:\/\/www.divertimundo.es\/comeryleeresunplacer\">http:\/\/www.divertimundo.es\/comeryleeresunplacer<\/a>&nbsp; y he decidido hacer este blog El Rinconcito, el cual ser\u00eda el n\u00ba 4, ya que tengo tres p\u00e1ginas web sobre el mismo tema que son: El Rinconcito, El Rinconcito2 y El Rinconcito3.<\/p>\n<p><strong>La idea de hacer esta p\u00e1gina web surgi\u00f3<\/strong> a ra\u00edz de caer enferma por un brote de Fibromialgia, la cual me incapacitaba por los dolores y trastornos del sue\u00f1o el trabajar, y estuve 6 meses de baja.<\/p>\n<p>Cualquiera que conozca esta enfermedad sabe que suelen salirles a personas con energ\u00eda y ganas de conocer y hacer cosas, hasta que el cuerpo dice basta, para que cambies de ritmo.<\/p>\n<p><strong>Yo pens\u00e9 que no iba a poder hacer nunca nada<\/strong> al ver la incapacidad que padec\u00eda, pero gracias a la ayuda de talleres de Fibromialgia y sic\u00f3logos, aprend\u00ed que ten\u00eda que cambiar el ritmo y algunas cosas, como la alimentaci\u00f3n y que poco a poco cuando me encontrase mejor, volver hacer las cosas pero a mi ritmo y seg\u00fan mi cuerpo pod\u00eda.<\/p>\n<p><strong>Una de las metas que me propuse<\/strong>, al tener el lado derecho del cuerpo incapacitado, con una tendinitis desde el dedo gordo del pie a la cabeza, pero lo peor era el brazo, y la mano, era que cada d\u00eda iba a ir a nataci\u00f3n, aprender a relajarme haciendo yoga, y como no lo m\u00e1s importante poder volver a estar como hoy escribiendo en el ordenador y sin dolores.<\/p>\n<p><strong>Por eso todos los d\u00edas me pon\u00eda una hora para levantarme, y hacer cosas<\/strong>, descansando cada vez que el cuerpo me lo ped\u00eda, y una de ella era ponerme a escribir en el ordenador todos los d\u00edas un rato, hasta llegar a estar toda la ma\u00f1ana pr\u00e1cticamente, que fue cuando ped\u00ed el alta, ya que entonces pod\u00eda realizar mi trabajo de administrativa.<\/p>\n<p><strong>De esa forma conoc\u00ed la revista que acababa de empezar \u2018AR de Ana Rosa Quintana\u2019,<\/strong> y como yo no soy de prensa rosa, vi que est\u00e1 era diferente, tocaba muchos temas para m\u00ed de inter\u00e9s, los cuales me ten\u00edan al d\u00eda de muchas cosas como el Cine, Teatro, M\u00fasica, que Leer, donde Viajar, que Comer, Reflexiones buen\u00edsimas, Citas que siempre vienen bien y te dicen mucho, E-Mail que siempre son bien venido por su contenido, y lo que yo a\u00f1ad\u00ed fue historias cortas o pensamientos m\u00edos o de otras personas que me gustan guardar; sin dejar atr\u00e1s las entrevistas tan buenas que vienen, los temas que trata y consejos que nos da de ropa, regalos, cuidar la piel y nuestro cuerpo y lo que es mejor la mente y como muchas mujeres han llegado a hacer lo quer\u00edan, con mucho esfuerzo y la mayor\u00eda de las veces sin tener ning\u00fan hombre detr\u00e1s que las respalde, estos temas los leo con mucha atenci\u00f3n pero no los guardo.<\/p>\n<p><strong>Que hacer de provecho mientras estaba recuper\u00e1ndome<\/strong> y le\u00eda esta revista, hacer una selecci\u00f3n de estos temas y guardarlo en alg\u00fan sitio, y que mejor que hacer una p\u00e1gina web con este contenido y obligarme todos los d\u00eda a escribir un poco cada d\u00eda. Por eso desde ese d\u00eda lo hago y aunque me retrase procuro ponerme al d\u00eda cuando puedo.<\/p>\n<p>Por cierto no son las cosas de la misma forma, cuando se lee que cuando se escribe, llega mucho m\u00e1s a dentro y se sienten de otra forma, quiz\u00e1s sea eso lo que sienten los escritores cuando escriben.<\/p>\n<p>Como ahora hace casi un a\u00f1o que hice un Blog, he pensado que quiz\u00e1s sea m\u00e1s pr\u00e1ctico, r\u00e1pido y <strong>poder seguir con El Rinconcito en un Blog<\/strong>, espero que me vaya bien y siga disfrutando tanto como con mis p\u00e1ginas web o m\u00e1s al poder tener comentarios y contacto con gentes, en el caso que a alguien le guste el contenido.<\/p>\n<p><strong>Sevilla 9 de Julio 2015<\/strong><\/p>\n<p>Hoy hace m\u00e1s de tres a\u00f1os y al final no he realizado el Rinconcito 4, me he dedicado a fondo a mi tienda de libros online y solo me daba tiempo de leer la Revista AR, pero no de ponerla en mi blog, como quer\u00eda hacer en un principio.<\/p>\n<p>He decidido dedicar este blog para todas las cosas que me gusta, sobre la marcha ir\u00e9 viendo que secciones utilizares, pero la que m\u00e1s me gusta es la de poner mis recetas favoritas, ya que soy la tonta de las recetas, adaptadas a mi, principalmente <strong>los postres<\/strong>, que los hago como dicen mis hijos \u00ab<strong>sin nada<\/strong>\u00ab, sin lactosa, sin az\u00facar, sin gluten, etc. pero luego salen muy buenos y son los primeros que se los comen.<\/p>\n","protected":false},"excerpt":{"rendered":"<p>&nbsp; Sevilla 22 de enero del 2012&nbsp; &nbsp; Me llamo To\u00f1y y el 15 de enero cumpl\u00ed 53 a\u00f1os. &nbsp; Hoy hace 11 meses que empec\u00e9 con mi primer blog,&nbsp; http:\/\/www.divertimundo.es\/comeryleeresunplacer&nbsp; y he decidido hacer este blog El Rinconcito, el &hellip; <a href=\"http:\/\/www.divertimundo.es\/elrinconcito\/sample-page\/\">Sigue leyendo <span class=\"meta-nav\">&rarr;<\/span><\/a><\/p>\n","protected":false},"author":1,"featured_media":0,"parent":0,"menu_order":0,"comment_status":"open","ping_status":"open","template":"","meta":[],"_links":{"self":[{"href":"http:\/\/www.divertimundo.es\/elrinconcito\/wp-json\/wp\/v2\/pages\/2"}],"collection":[{"href":"http:\/\/www.divertimundo.es\/elrinconcito\/wp-json\/wp\/v2\/pages"}],"about":[{"href":"http:\/\/www.divertimundo.es\/elrinconcito\/wp-json\/wp\/v2\/types\/page"}],"author":[{"embeddable":true,"href":"http:\/\/www.divertimundo.es\/elrinconcito\/wp-json\/wp\/v2\/users\/1"}],"replies":[{"embeddable":true,"href":"http:\/\/www.divertimundo.es\/elrinconcito\/wp-json\/wp\/v2\/comments?post=2"}],"version-history":[{"count":7,"href":"http:\/\/www.divertimundo.es\/elrinconcito\/wp-json\/wp\/v2\/pages\/2\/revisions"}],"predecessor-version":[{"id":10621,"href":"http:\/\/www.divertimundo.es\/elrinconcito\/wp-json\/wp\/v2\/pages\/2\/revisions\/10621"}],"wp:attachment":[{"href":"http:\/\/www.divertimundo.es\/elrinconcito\/wp-json\/wp\/v2\/media?parent=2"}],"curies":[{"name":"wp","href":"https:\/\/api.w.org\/{rel}","templated":true}]}}